{"id":565,"date":"2024-07-01T00:01:42","date_gmt":"2024-06-30T22:01:42","guid":{"rendered":"https:\/\/www.zilune.com\/?post_type=product&#038;p=565"},"modified":"2024-07-01T18:16:26","modified_gmt":"2024-07-01T16:16:26","slug":"collier-amazonite","status":"publish","type":"product","link":"https:\/\/www.zilune.com\/index.php\/produit\/collier-amazonite\/","title":{"rendered":"Collier Amazonite"},"content":{"rendered":"<p>Collier en acier inoxydable et pierre naturelle de qualit\u00e9<\/p>\n<p>Amazonite :<br \/>\nAmour inconditionnel, pardon, tendresse, apaisante, sinc\u00e9rit\u00e9 en amour,<br \/>\nexpression \/ communication,<br \/>\n\u00c9carte les pens\u00e9es n\u00e9gatives<\/p>\n<p>Ajustable<\/p>\n<p>La pierre est en forme rond allong\u00e9, \u00e9tant naturelle celle-ci peut l\u00e9g\u00e8rement diff\u00e9rer de la photo<\/p>\n","protected":false},"excerpt":{"rendered":"<p>Collier en acier inoxydable et pierre naturelle de qualit\u00e9 Amazonite : Amour inconditionnel, pardon, tendresse, apaisante, sinc\u00e9rit\u00e9 en amour, expression \/ communication, \u00c9carte les pens\u00e9es n\u00e9gatives Ajustable La pierre est en forme rond allong\u00e9, \u00e9tant naturelle celle-ci peut l\u00e9g\u00e8rement diff\u00e9rer de la photo<\/p>\n","protected":false},"featured_media":517,"comment_status":"open","ping_status":"closed","template":"","meta":{"_seopress_robots_primary_cat":"","_seopress_titles_title":"","_seopress_titles_desc":"","_seopress_robots_index":""},"product_brand":[],"product_cat":[22,27],"product_tag":[],"class_list":{"0":"post-565","1":"product","2":"type-product","3":"status-publish","4":"has-post-thumbnail","6":"product_cat-colliers","7":"product_cat-pierre-naturelle","9":"first","10":"instock","11":"shipping-taxable","12":"purchasable","13":"product-type-simple"},"jetpack_sharing_enabled":true,"_links":{"self":[{"href":"https:\/\/www.zilune.com\/index.php\/wp-json\/wp\/v2\/product\/565","targetHints":{"allow":["GET"]}}],"collection":[{"href":"https:\/\/www.zilune.com\/index.php\/wp-json\/wp\/v2\/product"}],"about":[{"href":"https:\/\/www.zilune.com\/index.php\/wp-json\/wp\/v2\/types\/product"}],"replies":[{"embeddable":true,"href":"https:\/\/www.zilune.com\/index.php\/wp-json\/wp\/v2\/comments?post=565"}],"wp:featuredmedia":[{"embeddable":true,"href":"https:\/\/www.zilune.com\/index.php\/wp-json\/wp\/v2\/media\/517"}],"wp:attachment":[{"href":"https:\/\/www.zilune.com\/index.php\/wp-json\/wp\/v2\/media?parent=565"}],"wp:term":[{"taxonomy":"product_brand","embeddable":true,"href":"https:\/\/www.zilune.com\/index.php\/wp-json\/wp\/v2\/product_brand?post=565"},{"taxonomy":"product_cat","embeddable":true,"href":"https:\/\/www.zilune.com\/index.php\/wp-json\/wp\/v2\/product_cat?post=565"},{"taxonomy":"product_tag","embeddable":true,"href":"https:\/\/www.zilune.com\/index.php\/wp-json\/wp\/v2\/product_tag?post=565"}],"curies":[{"name":"wp","href":"https:\/\/api.w.org\/{rel}","templated":true}]}}