{"id":564,"date":"2024-06-30T23:57:33","date_gmt":"2024-06-30T21:57:33","guid":{"rendered":"https:\/\/www.zilune.com\/?post_type=product&#038;p=564"},"modified":"2024-07-01T17:54:21","modified_gmt":"2024-07-01T15:54:21","slug":"collier-fluorite","status":"publish","type":"product","link":"https:\/\/www.zilune.com\/index.php\/produit\/collier-fluorite\/","title":{"rendered":"Collier Fluorite"},"content":{"rendered":"<p>Collier en acier inoxydable et pierre naturelle de qualit\u00e9<\/p>\n<p>Fluorite :<br \/>\nM\u00e9ditation, concentration, cr\u00e9ativit\u00e9, clart\u00e9 d\u2019esprit,<br \/>\nL\u00e2cher prise, intuition, Camoufle l\u2019\u00e9nergie \/ l\u2019aura contre les attaques de magie<br \/>\nElimine le trop plein d\u2019\u00e9motions n\u00e9gatives<\/p>\n<p>Ajustable<\/p>\n<p>La pierre est en forme de goutte, \u00e9tant naturelle celle-ci peut l\u00e9g\u00e8rement diff\u00e9rer de la photo<\/p>\n","protected":false},"excerpt":{"rendered":"<p>Collier en acier inoxydable et pierre naturelle de qualit\u00e9 Fluorite : M\u00e9ditation, concentration, cr\u00e9ativit\u00e9, clart\u00e9 d\u2019esprit, L\u00e2cher prise, intuition, Camoufle l\u2019\u00e9nergie \/ l\u2019aura contre les attaques de magie Elimine le trop plein d\u2019\u00e9motions n\u00e9gatives Ajustable La pierre est en forme de goutte, \u00e9tant naturelle celle-ci peut l\u00e9g\u00e8rement diff\u00e9rer de la photo<\/p>\n","protected":false},"featured_media":512,"comment_status":"open","ping_status":"closed","template":"","meta":{"_seopress_robots_primary_cat":"","_seopress_titles_title":"","_seopress_titles_desc":"","_seopress_robots_index":""},"product_brand":[],"product_cat":[22,27],"product_tag":[],"class_list":{"0":"post-564","1":"product","2":"type-product","3":"status-publish","4":"has-post-thumbnail","6":"product_cat-colliers","7":"product_cat-pierre-naturelle","9":"first","10":"instock","11":"shipping-taxable","12":"purchasable","13":"product-type-simple"},"jetpack_sharing_enabled":true,"_links":{"self":[{"href":"https:\/\/www.zilune.com\/index.php\/wp-json\/wp\/v2\/product\/564","targetHints":{"allow":["GET"]}}],"collection":[{"href":"https:\/\/www.zilune.com\/index.php\/wp-json\/wp\/v2\/product"}],"about":[{"href":"https:\/\/www.zilune.com\/index.php\/wp-json\/wp\/v2\/types\/product"}],"replies":[{"embeddable":true,"href":"https:\/\/www.zilune.com\/index.php\/wp-json\/wp\/v2\/comments?post=564"}],"wp:featuredmedia":[{"embeddable":true,"href":"https:\/\/www.zilune.com\/index.php\/wp-json\/wp\/v2\/media\/512"}],"wp:attachment":[{"href":"https:\/\/www.zilune.com\/index.php\/wp-json\/wp\/v2\/media?parent=564"}],"wp:term":[{"taxonomy":"product_brand","embeddable":true,"href":"https:\/\/www.zilune.com\/index.php\/wp-json\/wp\/v2\/product_brand?post=564"},{"taxonomy":"product_cat","embeddable":true,"href":"https:\/\/www.zilune.com\/index.php\/wp-json\/wp\/v2\/product_cat?post=564"},{"taxonomy":"product_tag","embeddable":true,"href":"https:\/\/www.zilune.com\/index.php\/wp-json\/wp\/v2\/product_tag?post=564"}],"curies":[{"name":"wp","href":"https:\/\/api.w.org\/{rel}","templated":true}]}}