{"id":563,"date":"2024-06-30T23:55:02","date_gmt":"2024-06-30T21:55:02","guid":{"rendered":"https:\/\/www.zilune.com\/?post_type=product&#038;p=563"},"modified":"2024-07-01T17:56:47","modified_gmt":"2024-07-01T15:56:47","slug":"collier-oeil-de-tigre","status":"publish","type":"product","link":"https:\/\/www.zilune.com\/index.php\/produit\/collier-oeil-de-tigre\/","title":{"rendered":"Collier \u0152il de tigre"},"content":{"rendered":"<p>Collier en acier inoxydable et pierre naturelle de qualit\u00e9<\/p>\n<p>\u0152il de Tigre :<br \/>\nProtection, confiance, force, courage,<br \/>\nestime de soi, ancrage, cr\u00e9ativit\u00e9<br \/>\n\u00e9loigne les \u00e9nergies n\u00e9gatives<\/p>\n<p>Ajustable<\/p>\n<p>La pierre est en forme de goutte, \u00e9tant naturelle celle-ci peut l\u00e9g\u00e8rement diff\u00e9rer de la photo<\/p>\n","protected":false},"excerpt":{"rendered":"<p>Collier en acier inoxydable et pierre naturelle de qualit\u00e9 \u0152il de Tigre : Protection, confiance, force, courage, estime de soi, ancrage, cr\u00e9ativit\u00e9 \u00e9loigne les \u00e9nergies n\u00e9gatives Ajustable La pierre est en forme de goutte, \u00e9tant naturelle celle-ci peut l\u00e9g\u00e8rement diff\u00e9rer de la photo<\/p>\n","protected":false},"featured_media":510,"comment_status":"open","ping_status":"closed","template":"","meta":{"_seopress_robots_primary_cat":"","_seopress_titles_title":"","_seopress_titles_desc":"","_seopress_robots_index":""},"product_brand":[],"product_cat":[22,27],"product_tag":[],"class_list":{"0":"post-563","1":"product","2":"type-product","3":"status-publish","4":"has-post-thumbnail","6":"product_cat-colliers","7":"product_cat-pierre-naturelle","9":"first","10":"instock","11":"shipping-taxable","12":"purchasable","13":"product-type-simple"},"jetpack_sharing_enabled":true,"_links":{"self":[{"href":"https:\/\/www.zilune.com\/index.php\/wp-json\/wp\/v2\/product\/563","targetHints":{"allow":["GET"]}}],"collection":[{"href":"https:\/\/www.zilune.com\/index.php\/wp-json\/wp\/v2\/product"}],"about":[{"href":"https:\/\/www.zilune.com\/index.php\/wp-json\/wp\/v2\/types\/product"}],"replies":[{"embeddable":true,"href":"https:\/\/www.zilune.com\/index.php\/wp-json\/wp\/v2\/comments?post=563"}],"wp:featuredmedia":[{"embeddable":true,"href":"https:\/\/www.zilune.com\/index.php\/wp-json\/wp\/v2\/media\/510"}],"wp:attachment":[{"href":"https:\/\/www.zilune.com\/index.php\/wp-json\/wp\/v2\/media?parent=563"}],"wp:term":[{"taxonomy":"product_brand","embeddable":true,"href":"https:\/\/www.zilune.com\/index.php\/wp-json\/wp\/v2\/product_brand?post=563"},{"taxonomy":"product_cat","embeddable":true,"href":"https:\/\/www.zilune.com\/index.php\/wp-json\/wp\/v2\/product_cat?post=563"},{"taxonomy":"product_tag","embeddable":true,"href":"https:\/\/www.zilune.com\/index.php\/wp-json\/wp\/v2\/product_tag?post=563"}],"curies":[{"name":"wp","href":"https:\/\/api.w.org\/{rel}","templated":true}]}}