{"id":562,"date":"2024-06-30T23:51:58","date_gmt":"2024-06-30T21:51:58","guid":{"rendered":"https:\/\/www.zilune.com\/?post_type=product&#038;p=562"},"modified":"2024-07-01T17:58:26","modified_gmt":"2024-07-01T15:58:26","slug":"collier-quartz-rose","status":"publish","type":"product","link":"https:\/\/www.zilune.com\/index.php\/produit\/collier-quartz-rose\/","title":{"rendered":"Collier Quartz Rose"},"content":{"rendered":"<p>Collier en acier inoxydable et pierre naturelle de qualit\u00e9<\/p>\n<p>Quartz Rose :<br \/>\nAmour de soi &#038; des autres, tendresse, paix, douceur, calme, pardon, s\u00e9curit\u00e9, (r\u00e9)confort, confiance en soi,<br \/>\nAmplifie les \u00e9nergies f\u00e9minines<\/p>\n<p>Ajustable<\/p>\n<p>La pierre est en forme de goutte, \u00e9tant naturelle celle-ci peut l\u00e9g\u00e8rement diff\u00e9rer de la photo<\/p>\n","protected":false},"excerpt":{"rendered":"<p>Collier en acier inoxydable et pierre naturelle de qualit\u00e9 Quartz Rose : Amour de soi &#038; des autres, tendresse, paix, douceur, calme, pardon, s\u00e9curit\u00e9, (r\u00e9)confort, confiance en soi, Amplifie les \u00e9nergies f\u00e9minines Ajustable La pierre est en forme de goutte, \u00e9tant naturelle celle-ci peut l\u00e9g\u00e8rement diff\u00e9rer de la photo<\/p>\n","protected":false},"featured_media":511,"comment_status":"open","ping_status":"closed","template":"","meta":{"_seopress_robots_primary_cat":"","_seopress_titles_title":"","_seopress_titles_desc":"","_seopress_robots_index":""},"product_brand":[],"product_cat":[22,27],"product_tag":[],"class_list":{"0":"post-562","1":"product","2":"type-product","3":"status-publish","4":"has-post-thumbnail","6":"product_cat-colliers","7":"product_cat-pierre-naturelle","9":"first","10":"instock","11":"shipping-taxable","12":"purchasable","13":"product-type-simple"},"jetpack_sharing_enabled":true,"_links":{"self":[{"href":"https:\/\/www.zilune.com\/index.php\/wp-json\/wp\/v2\/product\/562","targetHints":{"allow":["GET"]}}],"collection":[{"href":"https:\/\/www.zilune.com\/index.php\/wp-json\/wp\/v2\/product"}],"about":[{"href":"https:\/\/www.zilune.com\/index.php\/wp-json\/wp\/v2\/types\/product"}],"replies":[{"embeddable":true,"href":"https:\/\/www.zilune.com\/index.php\/wp-json\/wp\/v2\/comments?post=562"}],"wp:featuredmedia":[{"embeddable":true,"href":"https:\/\/www.zilune.com\/index.php\/wp-json\/wp\/v2\/media\/511"}],"wp:attachment":[{"href":"https:\/\/www.zilune.com\/index.php\/wp-json\/wp\/v2\/media?parent=562"}],"wp:term":[{"taxonomy":"product_brand","embeddable":true,"href":"https:\/\/www.zilune.com\/index.php\/wp-json\/wp\/v2\/product_brand?post=562"},{"taxonomy":"product_cat","embeddable":true,"href":"https:\/\/www.zilune.com\/index.php\/wp-json\/wp\/v2\/product_cat?post=562"},{"taxonomy":"product_tag","embeddable":true,"href":"https:\/\/www.zilune.com\/index.php\/wp-json\/wp\/v2\/product_tag?post=562"}],"curies":[{"name":"wp","href":"https:\/\/api.w.org\/{rel}","templated":true}]}}