{"id":498,"date":"2024-06-30T23:15:52","date_gmt":"2024-06-30T21:15:52","guid":{"rendered":"https:\/\/www.zilune.com\/?post_type=product&#038;p=498"},"modified":"2024-07-01T16:08:56","modified_gmt":"2024-07-01T14:08:56","slug":"encens","status":"publish","type":"product","link":"https:\/\/www.zilune.com\/index.php\/produit\/encens\/","title":{"rendered":"Encens"},"content":{"rendered":"<p>1 bo\u00eete d&rsquo;encens contient 8 b\u00e2tons de la marque Krishan<\/p>\n<p>Pour une diffusion d&rsquo;\u00e9nergies positives, purification de lieux ou objets ou encore intensifier un tirage de carte ou rituel<\/p>\n","protected":false},"excerpt":{"rendered":"<p>1 bo\u00eete d&rsquo;encens contient 8 b\u00e2tons de la marque Krishan Pour une diffusion d&rsquo;\u00e9nergies positives, purification de lieux ou objets ou encore intensifier un tirage de carte ou rituel<\/p>\n","protected":false},"featured_media":531,"comment_status":"open","ping_status":"closed","template":"","meta":{"_seopress_robots_primary_cat":"","_seopress_titles_title":"","_seopress_titles_desc":"","_seopress_robots_index":""},"product_brand":[],"product_cat":[26],"product_tag":[],"class_list":{"0":"post-498","1":"product","2":"type-product","3":"status-publish","4":"has-post-thumbnail","6":"product_cat-decorations-accessoires","8":"first","9":"instock","10":"shipping-taxable","11":"purchasable","12":"product-type-variable"},"jetpack_sharing_enabled":true,"_links":{"self":[{"href":"https:\/\/www.zilune.com\/index.php\/wp-json\/wp\/v2\/product\/498","targetHints":{"allow":["GET"]}}],"collection":[{"href":"https:\/\/www.zilune.com\/index.php\/wp-json\/wp\/v2\/product"}],"about":[{"href":"https:\/\/www.zilune.com\/index.php\/wp-json\/wp\/v2\/types\/product"}],"replies":[{"embeddable":true,"href":"https:\/\/www.zilune.com\/index.php\/wp-json\/wp\/v2\/comments?post=498"}],"wp:featuredmedia":[{"embeddable":true,"href":"https:\/\/www.zilune.com\/index.php\/wp-json\/wp\/v2\/media\/531"}],"wp:attachment":[{"href":"https:\/\/www.zilune.com\/index.php\/wp-json\/wp\/v2\/media?parent=498"}],"wp:term":[{"taxonomy":"product_brand","embeddable":true,"href":"https:\/\/www.zilune.com\/index.php\/wp-json\/wp\/v2\/product_brand?post=498"},{"taxonomy":"product_cat","embeddable":true,"href":"https:\/\/www.zilune.com\/index.php\/wp-json\/wp\/v2\/product_cat?post=498"},{"taxonomy":"product_tag","embeddable":true,"href":"https:\/\/www.zilune.com\/index.php\/wp-json\/wp\/v2\/product_tag?post=498"}],"curies":[{"name":"wp","href":"https:\/\/api.w.org\/{rel}","templated":true}]}}