{"id":496,"date":"2024-06-30T23:18:38","date_gmt":"2024-06-30T21:18:38","guid":{"rendered":"https:\/\/www.zilune.com\/?post_type=product&#038;p=496"},"modified":"2024-07-04T12:57:50","modified_gmt":"2024-07-04T10:57:50","slug":"fleur-de-vie-bois","status":"publish","type":"product","link":"https:\/\/www.zilune.com\/index.php\/produit\/fleur-de-vie-bois\/","title":{"rendered":"Fleur de vie bois"},"content":{"rendered":"<p>La fleur de vie est un symbole de g\u00e9om\u00e9trie sacr\u00e9e, une rosace qui illustre la composition de tous les \u00e9l\u00e9ments qui sont pr\u00e9sents sur la Terre.<br \/>\nElle repr\u00e9sente la construction des v\u00e9g\u00e9taux, de l\u2019ADN, des min\u00e9raux et m\u00eame des formules math\u00e9matiques.<\/p>\n<p>Id\u00e9al pour recharger tes pierres &amp; bijoux, tu peux les placer au centre de la fleur pendant plusieurs heures ou toute une nuit par exemple pour que le lendemain matin au r\u00e9veil, elles aussi ont pu passer une nuit r\u00e9paratrice<br \/>\nLa fr\u00e9quence vibratoire de la fleur de vie est suffisante pour recharger et augmenter l\u2019\u00e9nergie des pierres<\/p>\n<p>Diam\u00e8tre : 10 CM<br \/>\nMati\u00e8re : Bois<\/p>\n","protected":false},"excerpt":{"rendered":"<p>La fleur de vie est un symbole de g\u00e9om\u00e9trie sacr\u00e9e, une rosace qui illustre la composition de tous les \u00e9l\u00e9ments qui sont pr\u00e9sents sur la Terre. Elle repr\u00e9sente la construction des v\u00e9g\u00e9taux, de l\u2019ADN, des min\u00e9raux et m\u00eame des formules math\u00e9matiques. Id\u00e9al pour recharger tes pierres &amp; bijoux, tu peux les placer au centre de la fleur pendant plusieurs heures ou toute une nuit par exemple pour que le lendemain matin au r\u00e9veil, elles aussi ont pu passer une nuit r\u00e9paratrice La fr\u00e9quence vibratoire de la fleur de vie est suffisante pour recharger et augmenter l\u2019\u00e9nergie des pierres Diam\u00e8tre : 10 CM Mati\u00e8re : Bois<\/p>\n","protected":false},"featured_media":557,"comment_status":"open","ping_status":"closed","template":"","meta":{"_seopress_robots_primary_cat":"","_seopress_titles_title":"","_seopress_titles_desc":"","_seopress_robots_index":""},"product_brand":[],"product_cat":[26],"product_tag":[],"class_list":{"0":"post-496","1":"product","2":"type-product","3":"status-publish","4":"has-post-thumbnail","6":"product_cat-decorations-accessoires","8":"first","9":"instock","10":"shipping-taxable","11":"purchasable","12":"product-type-simple"},"jetpack_sharing_enabled":true,"_links":{"self":[{"href":"https:\/\/www.zilune.com\/index.php\/wp-json\/wp\/v2\/product\/496","targetHints":{"allow":["GET"]}}],"collection":[{"href":"https:\/\/www.zilune.com\/index.php\/wp-json\/wp\/v2\/product"}],"about":[{"href":"https:\/\/www.zilune.com\/index.php\/wp-json\/wp\/v2\/types\/product"}],"replies":[{"embeddable":true,"href":"https:\/\/www.zilune.com\/index.php\/wp-json\/wp\/v2\/comments?post=496"}],"wp:featuredmedia":[{"embeddable":true,"href":"https:\/\/www.zilune.com\/index.php\/wp-json\/wp\/v2\/media\/557"}],"wp:attachment":[{"href":"https:\/\/www.zilune.com\/index.php\/wp-json\/wp\/v2\/media?parent=496"}],"wp:term":[{"taxonomy":"product_brand","embeddable":true,"href":"https:\/\/www.zilune.com\/index.php\/wp-json\/wp\/v2\/product_brand?post=496"},{"taxonomy":"product_cat","embeddable":true,"href":"https:\/\/www.zilune.com\/index.php\/wp-json\/wp\/v2\/product_cat?post=496"},{"taxonomy":"product_tag","embeddable":true,"href":"https:\/\/www.zilune.com\/index.php\/wp-json\/wp\/v2\/product_tag?post=496"}],"curies":[{"name":"wp","href":"https:\/\/api.w.org\/{rel}","templated":true}]}}