{"id":495,"date":"2024-06-30T23:19:31","date_gmt":"2024-06-30T21:19:31","guid":{"rendered":"https:\/\/www.zilune.com\/?post_type=product&#038;p=495"},"modified":"2024-07-04T13:04:16","modified_gmt":"2024-07-04T11:04:16","slug":"kit-sos-pierres","status":"publish","type":"product","link":"https:\/\/www.zilune.com\/index.php\/produit\/kit-sos-pierres\/","title":{"rendered":"Kit SOS Pierres"},"content":{"rendered":"<p>Le kit SOS pierres contient :<\/p>\n<p>&#8211; 1 b\u00e2ton de sauge<br \/>\n&#8211; 1 b\u00e2ton de Palo Santo<br \/>\n&#8211; 1 fleur de vie<br \/>\n&#8211; 1 chiffon micro fibre<\/p>\n<p>Le kit parfait &amp; complet pour r\u00e9aliser toute la purification &amp; le rechargement dont tes pierres\/bijoux\/oracles\/tarots\/maison&#8230; ont besoin !<\/p>\n<p>La purification &amp; le rechargement des min\u00e9raux \/ cristaux sont tr\u00e8s important, les pierres absorbent beaucoup d&rsquo;\u00e9nergie ext\u00e9rieur &amp; en m\u00eame temps te diffusent leurs vertus tout au long de la journ\u00e9e quand tu les portes, pour que celles-ci soient toujours au max de leurs capacit\u00e9s c&rsquo;est donc primordiale d&rsquo;en prendre soin<\/p>\n<p>La sauge &amp; le Palo santo servent \u00e0 purifier les pierres et bijoux en pierres naturelles, ils \u00e9liminent toutes les \u00e9nergies n\u00e9gatives &amp; stagnantes que ta pierre a absorb\u00e9e, br\u00fble-le avec un briquet id\u00e9alement pendant 30 secondes, souffle pour \u00e9teindre la flamme, passe le b\u00e2ton au-dessus\/ en dessous de tes pierres afin que la fum\u00e9e agisse (tu peux aussi purifier ta maison, tes oracles &amp; tarots ou tout autre objet), tu peux r\u00e9aliser cette op\u00e9ration autant de fois que tu le souhaites (1 fois par mois minimum)<\/p>\n<p>La fleur de vie est un symbole de g\u00e9om\u00e9trie sacr\u00e9e, une rosace qui illustre la composition de tous les \u00e9l\u00e9ments qui sont pr\u00e9sents sur la Terre.<br \/>\nElle repr\u00e9sente la construction des v\u00e9g\u00e9taux, de l\u2019ADN, des min\u00e9raux et m\u00eame des formules math\u00e9matiques.<br \/>\nId\u00e9ale pour recharger tes pierres &amp; bijoux, tu peux les placer au centre de la fleur pendant plusieurs heures ou toute une nuit par exemple pour que le lendemain matin au r\u00e9veil, elles aussi puissent passer une nuit r\u00e9paratrice<br \/>\nLa fr\u00e9quence vibratoire de la fleur de vie est suffisante pour recharger et augmenter l\u2019\u00e9nergie des pierres<br \/>\nDiam\u00e8tre : 10 CM<br \/>\nMati\u00e8re : Bois<\/p>\n<p>Le chiffon permet de nettoyer tes pierres pour les lustrer et leurs redonner de l&rsquo;\u00e9clat<\/p>\n","protected":false},"excerpt":{"rendered":"<p>Le kit SOS pierres contient : &#8211; 1 b\u00e2ton de sauge &#8211; 1 b\u00e2ton de Palo Santo &#8211; 1 fleur de vie &#8211; 1 chiffon micro fibre Le kit parfait &amp; complet pour r\u00e9aliser toute la purification &amp; le rechargement dont tes pierres\/bijoux\/oracles\/tarots\/maison&#8230; ont besoin ! La purification &amp; le rechargement des min\u00e9raux \/ cristaux sont tr\u00e8s important, les pierres absorbent beaucoup d&rsquo;\u00e9nergie ext\u00e9rieur &amp; en m\u00eame temps te diffusent leurs vertus tout au long de la journ\u00e9e quand tu les portes, pour que celles-ci soient toujours au max de leurs capacit\u00e9s c&rsquo;est donc primordiale d&rsquo;en prendre soin La sauge &amp; le Palo santo servent \u00e0 purifier les pierres et bijoux en pierres naturelles, ils \u00e9liminent toutes les \u00e9nergies n\u00e9gatives &amp; stagnantes que ta pierre a absorb\u00e9e, br\u00fble-le avec un briquet id\u00e9alement pendant 30 secondes, souffle pour \u00e9teindre la flamme, passe le b\u00e2ton au-dessus\/ en dessous de tes pierres afin que la fum\u00e9e agisse (tu peux aussi purifier ta maison, tes oracles &amp; tarots ou tout autre objet), tu peux r\u00e9aliser cette op\u00e9ration autant de fois que tu le souhaites (1 fois par mois minimum) La fleur de vie est un symbole de g\u00e9om\u00e9trie sacr\u00e9e, une rosace qui illustre la composition de tous les \u00e9l\u00e9ments qui sont pr\u00e9sents sur la Terre. Elle repr\u00e9sente la construction des v\u00e9g\u00e9taux, de l\u2019ADN, des min\u00e9raux et m\u00eame des formules math\u00e9matiques. Id\u00e9ale pour recharger tes pierres &amp; bijoux, tu peux les placer au centre de la fleur pendant plusieurs heures ou toute une nuit par exemple pour que le lendemain matin au r\u00e9veil, elles aussi puissent passer une nuit r\u00e9paratrice La fr\u00e9quence vibratoire de la fleur de vie est suffisante pour recharger et augmenter l\u2019\u00e9nergie des pierres Diam\u00e8tre : 10 CM Mati\u00e8re : Bois Le chiffon permet de nettoyer tes pierres pour les lustrer et leurs redonner de l&rsquo;\u00e9clat<\/p>\n","protected":false},"featured_media":553,"comment_status":"open","ping_status":"closed","template":"","meta":{"_seopress_robots_primary_cat":"","_seopress_titles_title":"","_seopress_titles_desc":"","_seopress_robots_index":""},"product_brand":[],"product_cat":[26],"product_tag":[],"class_list":{"0":"post-495","1":"product","2":"type-product","3":"status-publish","4":"has-post-thumbnail","6":"product_cat-decorations-accessoires","8":"first","9":"instock","10":"shipping-taxable","11":"purchasable","12":"product-type-simple"},"jetpack_sharing_enabled":true,"_links":{"self":[{"href":"https:\/\/www.zilune.com\/index.php\/wp-json\/wp\/v2\/product\/495","targetHints":{"allow":["GET"]}}],"collection":[{"href":"https:\/\/www.zilune.com\/index.php\/wp-json\/wp\/v2\/product"}],"about":[{"href":"https:\/\/www.zilune.com\/index.php\/wp-json\/wp\/v2\/types\/product"}],"replies":[{"embeddable":true,"href":"https:\/\/www.zilune.com\/index.php\/wp-json\/wp\/v2\/comments?post=495"}],"wp:featuredmedia":[{"embeddable":true,"href":"https:\/\/www.zilune.com\/index.php\/wp-json\/wp\/v2\/media\/553"}],"wp:attachment":[{"href":"https:\/\/www.zilune.com\/index.php\/wp-json\/wp\/v2\/media?parent=495"}],"wp:term":[{"taxonomy":"product_brand","embeddable":true,"href":"https:\/\/www.zilune.com\/index.php\/wp-json\/wp\/v2\/product_brand?post=495"},{"taxonomy":"product_cat","embeddable":true,"href":"https:\/\/www.zilune.com\/index.php\/wp-json\/wp\/v2\/product_cat?post=495"},{"taxonomy":"product_tag","embeddable":true,"href":"https:\/\/www.zilune.com\/index.php\/wp-json\/wp\/v2\/product_tag?post=495"}],"curies":[{"name":"wp","href":"https:\/\/api.w.org\/{rel}","templated":true}]}}