{"id":485,"date":"2024-06-30T12:43:03","date_gmt":"2024-06-30T10:43:03","guid":{"rendered":"https:\/\/www.zilune.com\/?post_type=product&#038;p=485"},"modified":"2024-06-30T23:28:31","modified_gmt":"2024-06-30T21:28:31","slug":"bracelet-bimy","status":"publish","type":"product","link":"https:\/\/www.zilune.com\/index.php\/produit\/bracelet-bimy\/","title":{"rendered":"Bracelet Bimy"},"content":{"rendered":"<p>Bracelet maillons en acrylique de couleur, perle d\u2019eau douce Naturelle en forme de c\u0153ur et acier inoxydable<br \/>\nAjustable<br \/>\nRose P\u00eache<br \/>\nCaf\u00e9 au lait<br \/>\nNoir nuage<br \/>\nBlanc Caramel<\/p>\n","protected":false},"excerpt":{"rendered":"<p>Bracelet maillons en acrylique de couleur, perle d\u2019eau douce Naturelle en forme de c\u0153ur et acier inoxydable Ajustable Rose P\u00eache Caf\u00e9 au lait Noir nuage Blanc Caramel<\/p>\n","protected":false},"featured_media":338,"comment_status":"open","ping_status":"closed","template":"","meta":{"_seopress_robots_primary_cat":"","_seopress_titles_title":"","_seopress_titles_desc":"","_seopress_robots_index":""},"product_brand":[],"product_cat":[21],"product_tag":[],"class_list":{"0":"post-485","1":"product","2":"type-product","3":"status-publish","4":"has-post-thumbnail","6":"product_cat-bracelets","8":"first","9":"instock","10":"shipping-taxable","11":"purchasable","12":"product-type-variable"},"jetpack_sharing_enabled":true,"_links":{"self":[{"href":"https:\/\/www.zilune.com\/index.php\/wp-json\/wp\/v2\/product\/485","targetHints":{"allow":["GET"]}}],"collection":[{"href":"https:\/\/www.zilune.com\/index.php\/wp-json\/wp\/v2\/product"}],"about":[{"href":"https:\/\/www.zilune.com\/index.php\/wp-json\/wp\/v2\/types\/product"}],"replies":[{"embeddable":true,"href":"https:\/\/www.zilune.com\/index.php\/wp-json\/wp\/v2\/comments?post=485"}],"wp:featuredmedia":[{"embeddable":true,"href":"https:\/\/www.zilune.com\/index.php\/wp-json\/wp\/v2\/media\/338"}],"wp:attachment":[{"href":"https:\/\/www.zilune.com\/index.php\/wp-json\/wp\/v2\/media?parent=485"}],"wp:term":[{"taxonomy":"product_brand","embeddable":true,"href":"https:\/\/www.zilune.com\/index.php\/wp-json\/wp\/v2\/product_brand?post=485"},{"taxonomy":"product_cat","embeddable":true,"href":"https:\/\/www.zilune.com\/index.php\/wp-json\/wp\/v2\/product_cat?post=485"},{"taxonomy":"product_tag","embeddable":true,"href":"https:\/\/www.zilune.com\/index.php\/wp-json\/wp\/v2\/product_tag?post=485"}],"curies":[{"name":"wp","href":"https:\/\/api.w.org\/{rel}","templated":true}]}}