{"id":475,"date":"2024-06-30T12:30:04","date_gmt":"2024-06-30T10:30:04","guid":{"rendered":"https:\/\/www.zilune.com\/?post_type=product&#038;p=475"},"modified":"2024-07-04T13:06:53","modified_gmt":"2024-07-04T11:06:53","slug":"bracelet-famille","status":"publish","type":"product","link":"https:\/\/www.zilune.com\/index.php\/produit\/bracelet-famille\/","title":{"rendered":"Bracelet Famille"},"content":{"rendered":"<p>Il s\u2019agit d\u2019une petite id\u00e9e personnelle, c\u2019est un bracelet enti\u00e8rement personnalis\u00e9 avec la pierre qui repr\u00e9sente chaque membre de la famille que tu souhaites y mettre dessus gr\u00e2ce aux calculs de leurs dates de naissance<br \/>\nConjoint, enfants, parents, grands-parents, amis, filleuls, animaux&#8230;. en bref, toutes les personnes ch\u00e8res \u00e0 ton c\u0153ur<br \/>\nComme \u00e7a, tes proches t&rsquo;accompagnent o\u00f9 que tu sois ! Avec le bracelet chemin de vie, le bracelet famille est un petit Best-Seller ici dans les Backstages !<br \/>\nLes calculs sont r\u00e9alis\u00e9s \u00e0 la main par moi-m\u00eame &amp; v\u00e9rifi\u00e9s \u00e0 plusieurs reprises<br \/>\nCe bracelet existe pour Homme &amp; pour Femme<br \/>\nEn \u00e9lastique pour les Hommes &amp; perles autour en \u0153il de tigre<br \/>\nEn cha\u00eene acier inoxydable &amp; ajustable pour les Femmes<br \/>\nUn cadeau original, personnalis\u00e9 &amp; unique \u00e0 faire ? \u00c9motions garanties avec ce bijou<\/p>\n<p>Encore plus de personnalisation ou autre ? Je te laisse m&rsquo;expliquer ta demande dans la case commentaire<\/p>\n<p>Sinon je te laisse \u00e9crire \u00e9galement en commentaire, toutes les dates de naissance que tu souhaites avoir sur ton bracelet y compris la tienne et me pr\u00e9ciser \u00e0 qui elles appartiennent \ud83d\ude42<\/p>\n<form action=\"https:\/\/www.zilune.com\/index.php\/wp-json\/ws-form\/v1\/submit\" class=\"wsf-form wsf-form-canvas\" id=\"ws-form-1\" data-id=\"5\" method=\"POST\" data-instance-id=\"1\" data-wsf-style-id=\"1\"><\/form>\n","protected":false},"excerpt":{"rendered":"<p>Il s\u2019agit d\u2019une petite id\u00e9e personnelle, c\u2019est un bracelet enti\u00e8rement personnalis\u00e9 avec la pierre qui repr\u00e9sente chaque membre de la famille que tu souhaites y mettre dessus gr\u00e2ce aux calculs de leurs dates de naissance Conjoint, enfants, parents, grands-parents, amis, filleuls, animaux&#8230;. en bref, toutes les personnes ch\u00e8res \u00e0 ton c\u0153ur Comme \u00e7a, tes proches t&rsquo;accompagnent o\u00f9 que tu sois ! Avec le bracelet chemin de vie, le bracelet famille est un petit Best-Seller ici dans les Backstages ! Les calculs sont r\u00e9alis\u00e9s \u00e0 la main par moi-m\u00eame &amp; v\u00e9rifi\u00e9s \u00e0 plusieurs reprises Ce bracelet existe pour Homme &amp; pour Femme En \u00e9lastique pour les Hommes &amp; perles autour en \u0153il de tigre En cha\u00eene acier inoxydable &amp; ajustable pour les Femmes Un cadeau original, personnalis\u00e9 &amp; unique \u00e0 faire ? \u00c9motions garanties avec ce bijou Encore plus de personnalisation ou autre ? Je te laisse m&rsquo;expliquer ta demande dans la case commentaire Sinon je te laisse \u00e9crire \u00e9galement en commentaire, toutes les dates de naissance que tu souhaites avoir sur ton bracelet y compris la tienne et me pr\u00e9ciser \u00e0 qui elles appartiennent \ud83d\ude42<\/p>\n","protected":false},"featured_media":345,"comment_status":"open","ping_status":"closed","template":"","meta":{"_seopress_robots_primary_cat":"","_seopress_titles_title":"","_seopress_titles_desc":"","_seopress_robots_index":""},"product_brand":[],"product_cat":[21],"product_tag":[],"class_list":{"0":"post-475","1":"product","2":"type-product","3":"status-publish","4":"has-post-thumbnail","6":"product_cat-bracelets","8":"first","9":"instock","10":"shipping-taxable","11":"purchasable","12":"product-type-variable"},"jetpack_sharing_enabled":true,"_links":{"self":[{"href":"https:\/\/www.zilune.com\/index.php\/wp-json\/wp\/v2\/product\/475","targetHints":{"allow":["GET"]}}],"collection":[{"href":"https:\/\/www.zilune.com\/index.php\/wp-json\/wp\/v2\/product"}],"about":[{"href":"https:\/\/www.zilune.com\/index.php\/wp-json\/wp\/v2\/types\/product"}],"replies":[{"embeddable":true,"href":"https:\/\/www.zilune.com\/index.php\/wp-json\/wp\/v2\/comments?post=475"}],"wp:featuredmedia":[{"embeddable":true,"href":"https:\/\/www.zilune.com\/index.php\/wp-json\/wp\/v2\/media\/345"}],"wp:attachment":[{"href":"https:\/\/www.zilune.com\/index.php\/wp-json\/wp\/v2\/media?parent=475"}],"wp:term":[{"taxonomy":"product_brand","embeddable":true,"href":"https:\/\/www.zilune.com\/index.php\/wp-json\/wp\/v2\/product_brand?post=475"},{"taxonomy":"product_cat","embeddable":true,"href":"https:\/\/www.zilune.com\/index.php\/wp-json\/wp\/v2\/product_cat?post=475"},{"taxonomy":"product_tag","embeddable":true,"href":"https:\/\/www.zilune.com\/index.php\/wp-json\/wp\/v2\/product_tag?post=475"}],"curies":[{"name":"wp","href":"https:\/\/api.w.org\/{rel}","templated":true}]}}