{"id":437,"date":"2024-06-30T23:32:29","date_gmt":"2024-06-30T21:32:29","guid":{"rendered":"https:\/\/www.zilune.com\/?post_type=product&#038;p=437"},"modified":"2024-06-30T23:37:50","modified_gmt":"2024-06-30T21:37:50","slug":"lucky-flouze","status":"publish","type":"product","link":"https:\/\/www.zilune.com\/index.php\/produit\/lucky-flouze\/","title":{"rendered":"Lucky Flouze"},"content":{"rendered":"<p>Plus qu&rsquo;un bracelet, la gamme des bracelets soin* comme son nom l&rsquo;indique est infus\u00e9 par un soin \u00e9nerg\u00e9tique que j&rsquo;ai moi-m\u00eame r\u00e9alis\u00e9 pour t&rsquo;apporter un maximum de bienfaits<\/p>\n<p>Le bracelet soin de l&rsquo;abondance par excellence<\/p>\n<p>Citrine : Abondance &#038; Joie<br \/>\nJade : Bonheur &#038; Prosp\u00e9rit\u00e9<br \/>\nPierre de soleil : Chance &#038; prosp\u00e9rit\u00e9<br \/>\nCristal de roche : Amplifie les autres pierres<\/p>\n<p>Disponible en 2 versions<\/p>\n<p>Ajustable <\/p>\n<p>Pierres naturelles de qualit\u00e9 &#038; acier inoxydable<\/p>\n<p>*le bracelet soin ne remplace pas un avis m\u00e9dical<\/p>\n","protected":false},"excerpt":{"rendered":"<p>Plus qu&rsquo;un bracelet, la gamme des bracelets soin* comme son nom l&rsquo;indique est infus\u00e9 par un soin \u00e9nerg\u00e9tique que j&rsquo;ai moi-m\u00eame r\u00e9alis\u00e9 pour t&rsquo;apporter un maximum de bienfaits Le bracelet soin de l&rsquo;abondance par excellence Citrine : Abondance &#038; Joie Jade : Bonheur &#038; Prosp\u00e9rit\u00e9 Pierre de soleil : Chance &#038; prosp\u00e9rit\u00e9 Cristal de roche : Amplifie les autres pierres Disponible en 2 versions Ajustable Pierres naturelles de qualit\u00e9 &#038; acier inoxydable *le bracelet soin ne remplace pas un avis m\u00e9dical<\/p>\n","protected":false},"featured_media":548,"comment_status":"open","ping_status":"closed","template":"","meta":{"_seopress_robots_primary_cat":"","_seopress_titles_title":"","_seopress_titles_desc":"","_seopress_robots_index":""},"product_brand":[],"product_cat":[23,21],"product_tag":[],"class_list":{"0":"post-437","1":"product","2":"type-product","3":"status-publish","4":"has-post-thumbnail","6":"product_cat-bracelet-soin","7":"product_cat-bracelets","9":"first","10":"instock","11":"shipping-taxable","12":"purchasable","13":"product-type-variable"},"jetpack_sharing_enabled":true,"_links":{"self":[{"href":"https:\/\/www.zilune.com\/index.php\/wp-json\/wp\/v2\/product\/437","targetHints":{"allow":["GET"]}}],"collection":[{"href":"https:\/\/www.zilune.com\/index.php\/wp-json\/wp\/v2\/product"}],"about":[{"href":"https:\/\/www.zilune.com\/index.php\/wp-json\/wp\/v2\/types\/product"}],"replies":[{"embeddable":true,"href":"https:\/\/www.zilune.com\/index.php\/wp-json\/wp\/v2\/comments?post=437"}],"wp:featuredmedia":[{"embeddable":true,"href":"https:\/\/www.zilune.com\/index.php\/wp-json\/wp\/v2\/media\/548"}],"wp:attachment":[{"href":"https:\/\/www.zilune.com\/index.php\/wp-json\/wp\/v2\/media?parent=437"}],"wp:term":[{"taxonomy":"product_brand","embeddable":true,"href":"https:\/\/www.zilune.com\/index.php\/wp-json\/wp\/v2\/product_brand?post=437"},{"taxonomy":"product_cat","embeddable":true,"href":"https:\/\/www.zilune.com\/index.php\/wp-json\/wp\/v2\/product_cat?post=437"},{"taxonomy":"product_tag","embeddable":true,"href":"https:\/\/www.zilune.com\/index.php\/wp-json\/wp\/v2\/product_tag?post=437"}],"curies":[{"name":"wp","href":"https:\/\/api.w.org\/{rel}","templated":true}]}}