{"id":434,"date":"2024-06-30T23:34:59","date_gmt":"2024-06-30T21:34:59","guid":{"rendered":"https:\/\/www.zilune.com\/?post_type=product&#038;p=434"},"modified":"2024-07-04T13:05:30","modified_gmt":"2024-07-04T11:05:30","slug":"business-warrior","status":"publish","type":"product","link":"https:\/\/www.zilune.com\/index.php\/produit\/business-warrior\/","title":{"rendered":"Business Warrior"},"content":{"rendered":"<p>Plus qu&rsquo;un bracelet, la gamme des bracelets soin* comme son nom l&rsquo;indique est infus\u00e9 par un soin \u00e9nerg\u00e9tique que j&rsquo;ai moi-m\u00eame r\u00e9alis\u00e9 pour t&rsquo;apporter un maximum de bienfaits<\/p>\n<p>Id\u00e9al si tu poss\u00e8des ta propre entreprise, si tu r\u00eaves d&rsquo;\u00eatre ton propre patron ou alors si tu souhaites briller pour devenir l&#8217;employ\u00e9 de l&rsquo;ann\u00e9e !<\/p>\n<p>Pyrite : R\u00e9ussite &amp; Sant\u00e9<br \/>\nCitrine : Abondance &amp; Chance<br \/>\nOeil de tigre : Protection &amp; Confiance en soi<\/p>\n<p>Disponible en 2 versions<\/p>\n<p>Ajustable<\/p>\n<p>Pierres naturelles de qualit\u00e9 &amp; acier inoxydable<\/p>\n<p>*le bracelet soin ne remplace pas un avis m\u00e9dical<\/p>\n","protected":false},"excerpt":{"rendered":"<p>Plus qu&rsquo;un bracelet, la gamme des bracelets soin* comme son nom l&rsquo;indique est infus\u00e9 par un soin \u00e9nerg\u00e9tique que j&rsquo;ai moi-m\u00eame r\u00e9alis\u00e9 pour t&rsquo;apporter un maximum de bienfaits Id\u00e9al si tu poss\u00e8des ta propre entreprise, si tu r\u00eaves d&rsquo;\u00eatre ton propre patron ou alors si tu souhaites briller pour devenir l&#8217;employ\u00e9 de l&rsquo;ann\u00e9e ! Pyrite : R\u00e9ussite &amp; Sant\u00e9 Citrine : Abondance &amp; Chance Oeil de tigre : Protection &amp; Confiance en soi Disponible en 2 versions Ajustable Pierres naturelles de qualit\u00e9 &amp; acier inoxydable *le bracelet soin ne remplace pas un avis m\u00e9dical<\/p>\n","protected":false},"featured_media":551,"comment_status":"open","ping_status":"closed","template":"","meta":{"_seopress_robots_primary_cat":"","_seopress_titles_title":"","_seopress_titles_desc":"","_seopress_robots_index":""},"product_brand":[],"product_cat":[23,21],"product_tag":[],"class_list":{"0":"post-434","1":"product","2":"type-product","3":"status-publish","4":"has-post-thumbnail","6":"product_cat-bracelet-soin","7":"product_cat-bracelets","9":"first","10":"instock","11":"shipping-taxable","12":"purchasable","13":"product-type-variable"},"jetpack_sharing_enabled":true,"_links":{"self":[{"href":"https:\/\/www.zilune.com\/index.php\/wp-json\/wp\/v2\/product\/434","targetHints":{"allow":["GET"]}}],"collection":[{"href":"https:\/\/www.zilune.com\/index.php\/wp-json\/wp\/v2\/product"}],"about":[{"href":"https:\/\/www.zilune.com\/index.php\/wp-json\/wp\/v2\/types\/product"}],"replies":[{"embeddable":true,"href":"https:\/\/www.zilune.com\/index.php\/wp-json\/wp\/v2\/comments?post=434"}],"wp:featuredmedia":[{"embeddable":true,"href":"https:\/\/www.zilune.com\/index.php\/wp-json\/wp\/v2\/media\/551"}],"wp:attachment":[{"href":"https:\/\/www.zilune.com\/index.php\/wp-json\/wp\/v2\/media?parent=434"}],"wp:term":[{"taxonomy":"product_brand","embeddable":true,"href":"https:\/\/www.zilune.com\/index.php\/wp-json\/wp\/v2\/product_brand?post=434"},{"taxonomy":"product_cat","embeddable":true,"href":"https:\/\/www.zilune.com\/index.php\/wp-json\/wp\/v2\/product_cat?post=434"},{"taxonomy":"product_tag","embeddable":true,"href":"https:\/\/www.zilune.com\/index.php\/wp-json\/wp\/v2\/product_tag?post=434"}],"curies":[{"name":"wp","href":"https:\/\/api.w.org\/{rel}","templated":true}]}}