{"id":419,"date":"2024-06-29T22:29:59","date_gmt":"2024-06-29T20:29:59","guid":{"rendered":"https:\/\/www.zilune.com\/?post_type=product&#038;p=419"},"modified":"2026-02-01T22:54:41","modified_gmt":"2026-02-01T21:54:41","slug":"reconnexion-feminine","status":"publish","type":"product","link":"https:\/\/www.zilune.com\/index.php\/produit\/reconnexion-feminine\/","title":{"rendered":"Reconnexion F\u00e9minine"},"content":{"rendered":"<p>Plus qu&rsquo;un bracelet, la gamme des bracelets soin* comme son nom l&rsquo;indique est infus\u00e9 par un soin \u00e9nerg\u00e9tique que j&rsquo;ai moi-m\u00eame r\u00e9alis\u00e9 pour t&rsquo;apporter un maximum de bienfaits<\/p>\n<p>Retrouve ta f\u00e9minit\u00e9, ton f\u00e9minin sacr\u00e9, reconnecte toi \u00e0 la femme incroyable que tu es<\/p>\n<p>Quartz rose : Amour &amp; Paix<br \/>\nPierre de lune : Intuition, \u00e9quilibre f\u00e9minin<\/p>\n<p>Disponible en 2 versions<\/p>\n<p>Ajustable<\/p>\n<p>Pierres naturelles de qualit\u00e9 &#038; acier inoxydable<\/p>\n<p>*le bracelet soin ne remplace pas un avis m\u00e9dical<\/p>\n","protected":false},"excerpt":{"rendered":"<p>Plus qu&rsquo;un bracelet, la gamme des bracelets soin* comme son nom l&rsquo;indique est infus\u00e9 par un soin \u00e9nerg\u00e9tique que j&rsquo;ai moi-m\u00eame r\u00e9alis\u00e9 pour t&rsquo;apporter un maximum de bienfaits Retrouve ta f\u00e9minit\u00e9, ton f\u00e9minin sacr\u00e9, reconnecte toi \u00e0 la femme incroyable que tu es Quartz rose : Amour &amp; Paix Pierre de lune : Intuition, \u00e9quilibre f\u00e9minin Disponible en 2 versions Ajustable Pierres naturelles de qualit\u00e9 &#038; acier inoxydable *le bracelet soin ne remplace pas un avis m\u00e9dical<\/p>\n","protected":false},"featured_media":313,"comment_status":"open","ping_status":"closed","template":"","meta":{"_seopress_robots_primary_cat":"","_seopress_titles_title":"","_seopress_titles_desc":"","_seopress_robots_index":""},"product_brand":[],"product_cat":[23,21],"product_tag":[],"class_list":{"0":"post-419","1":"product","2":"type-product","3":"status-publish","4":"has-post-thumbnail","6":"product_cat-bracelet-soin","7":"product_cat-bracelets","9":"first","10":"instock","11":"shipping-taxable","12":"purchasable","13":"product-type-variable"},"jetpack_sharing_enabled":true,"_links":{"self":[{"href":"https:\/\/www.zilune.com\/index.php\/wp-json\/wp\/v2\/product\/419","targetHints":{"allow":["GET"]}}],"collection":[{"href":"https:\/\/www.zilune.com\/index.php\/wp-json\/wp\/v2\/product"}],"about":[{"href":"https:\/\/www.zilune.com\/index.php\/wp-json\/wp\/v2\/types\/product"}],"replies":[{"embeddable":true,"href":"https:\/\/www.zilune.com\/index.php\/wp-json\/wp\/v2\/comments?post=419"}],"wp:featuredmedia":[{"embeddable":true,"href":"https:\/\/www.zilune.com\/index.php\/wp-json\/wp\/v2\/media\/313"}],"wp:attachment":[{"href":"https:\/\/www.zilune.com\/index.php\/wp-json\/wp\/v2\/media?parent=419"}],"wp:term":[{"taxonomy":"product_brand","embeddable":true,"href":"https:\/\/www.zilune.com\/index.php\/wp-json\/wp\/v2\/product_brand?post=419"},{"taxonomy":"product_cat","embeddable":true,"href":"https:\/\/www.zilune.com\/index.php\/wp-json\/wp\/v2\/product_cat?post=419"},{"taxonomy":"product_tag","embeddable":true,"href":"https:\/\/www.zilune.com\/index.php\/wp-json\/wp\/v2\/product_tag?post=419"}],"curies":[{"name":"wp","href":"https:\/\/api.w.org\/{rel}","templated":true}]}}