{"id":377,"date":"2024-06-18T19:33:55","date_gmt":"2024-06-18T17:33:55","guid":{"rendered":"https:\/\/www.zilune.com\/?post_type=product&#038;p=377"},"modified":"2026-02-01T22:54:41","modified_gmt":"2026-02-01T21:54:41","slug":"bracelet-thalys","status":"publish","type":"product","link":"https:\/\/www.zilune.com\/index.php\/produit\/bracelet-thalys\/","title":{"rendered":"Bracelet Thalys"},"content":{"rendered":"<p>Bracelet en acier inoxydable \u201cscintillant\u201d &amp; \u00e9l\u00e9gant, rectangles arrondis avec une grosse breloque (au choix lune, c\u0153ur, \u0153il), des breloques en perles d\u2019eau douce naturelles, des breloques en pierres naturelles 4mm de ton choix &amp; ajustable<br \/>\nObsidienne \/ Labradorite \/ Pierre de Lune \/ Amazonite \/ Oeil de Tigre jaune \/ Jade \/ Quartz rose \/ Citrine \/ Lapis Lazuli \/ Aigue marine<\/p>\n<p>Tu souhaites une pierre en particulier ou un m\u00e9lange ? Demande moi, je vois ce que je peux faire pour toi \ud83d\ude09<\/p>\n<p>&nbsp;<\/p>\n<form action=\"https:\/\/www.zilune.com\/index.php\/wp-json\/ws-form\/v1\/submit\" class=\"wsf-form wsf-form-canvas\" id=\"ws-form-1\" data-id=\"5\" method=\"POST\" data-instance-id=\"1\" data-wsf-style-id=\"1\"><\/form>\n","protected":false},"excerpt":{"rendered":"<p>Bracelet en acier inoxydable \u201cscintillant\u201d &amp; \u00e9l\u00e9gant, rectangles arrondis avec une grosse breloque (au choix lune, c\u0153ur, \u0153il), des breloques en perles d\u2019eau douce naturelles, des breloques en pierres naturelles 4mm de ton choix &amp; ajustable Obsidienne \/ Labradorite \/ Pierre de Lune \/ Amazonite \/ Oeil de Tigre jaune \/ Jade \/ Quartz rose \/ Citrine \/ Lapis Lazuli \/ Aigue marine Tu souhaites une pierre en particulier ou un m\u00e9lange ? Demande moi, je vois ce que je peux faire pour toi \ud83d\ude09 &nbsp;<\/p>\n","protected":false},"featured_media":369,"comment_status":"open","ping_status":"closed","template":"","meta":{"_seopress_robots_primary_cat":"","_seopress_titles_title":"","_seopress_titles_desc":"","_seopress_robots_index":""},"product_brand":[],"product_cat":[21],"product_tag":[],"class_list":{"0":"post-377","1":"product","2":"type-product","3":"status-publish","4":"has-post-thumbnail","6":"product_cat-bracelets","8":"first","9":"instock","10":"shipping-taxable","11":"purchasable","12":"product-type-variable"},"jetpack_sharing_enabled":true,"_links":{"self":[{"href":"https:\/\/www.zilune.com\/index.php\/wp-json\/wp\/v2\/product\/377","targetHints":{"allow":["GET"]}}],"collection":[{"href":"https:\/\/www.zilune.com\/index.php\/wp-json\/wp\/v2\/product"}],"about":[{"href":"https:\/\/www.zilune.com\/index.php\/wp-json\/wp\/v2\/types\/product"}],"replies":[{"embeddable":true,"href":"https:\/\/www.zilune.com\/index.php\/wp-json\/wp\/v2\/comments?post=377"}],"wp:featuredmedia":[{"embeddable":true,"href":"https:\/\/www.zilune.com\/index.php\/wp-json\/wp\/v2\/media\/369"}],"wp:attachment":[{"href":"https:\/\/www.zilune.com\/index.php\/wp-json\/wp\/v2\/media?parent=377"}],"wp:term":[{"taxonomy":"product_brand","embeddable":true,"href":"https:\/\/www.zilune.com\/index.php\/wp-json\/wp\/v2\/product_brand?post=377"},{"taxonomy":"product_cat","embeddable":true,"href":"https:\/\/www.zilune.com\/index.php\/wp-json\/wp\/v2\/product_cat?post=377"},{"taxonomy":"product_tag","embeddable":true,"href":"https:\/\/www.zilune.com\/index.php\/wp-json\/wp\/v2\/product_tag?post=377"}],"curies":[{"name":"wp","href":"https:\/\/api.w.org\/{rel}","templated":true}]}}