{"id":137,"date":"2024-06-16T18:44:14","date_gmt":"2024-06-16T16:44:14","guid":{"rendered":"https:\/\/www.zilune.com\/?post_type=product&#038;p=137"},"modified":"2024-08-20T20:14:16","modified_gmt":"2024-08-20T18:14:16","slug":"bracelet-chemin-de-vie","status":"publish","type":"product","link":"https:\/\/www.zilune.com\/index.php\/produit\/bracelet-chemin-de-vie\/","title":{"rendered":"Bracelet chemin de vie"},"content":{"rendered":"<p>Plus qu\u2019un bijou, c\u2019est un outil spirituel, une aide au d\u00e9veloppement personnel, con\u00e7u exclusivement pour toi et tes besoins selon tous tes pr\u00e9noms, noms et date de naissance ! Unique et personnel il est fait sur-mesure pour toi gr\u00e2ce \u00e0 des calculs tr\u00e8s pr\u00e9cis, il t\u2019accompagne dans un cheminement qui t\u2019est propre et qui correspond \u00e0 100% \u00e0 toi, ton corps, ton esprit &amp; ton \u00e2me.<br \/>\nIl se compose de 8 pierres diff\u00e9rentes pour 8 domaines diff\u00e9rents.<br \/>\nChaque pierre du bracelet est calcul\u00e9e &amp; s\u00e9lectionn\u00e9e sp\u00e9cialement pour toi.<br \/>\nM\u00e9lange de Lithoth\u00e9rapie &amp; Num\u00e9rologie tous les calculs sont r\u00e9alis\u00e9s \u00e0 la main par moi-m\u00eame &amp; v\u00e9rifi\u00e9s plusieurs fois avant la confection de ton bracelet.<\/p>\n<p>Tu peux choisir la taille du bracelet en fonction des pierres :<br \/>\nPetites 4mm<br \/>\nMoyennes 6mm<br \/>\nGrandes 8mm<\/p>\n<p>\u00c9galement, en plus du bracelet, je te fournis un livret explicatif (7 pages) enti\u00e8rement personnalis\u00e9 pour toi en fonction de ce que les calculs ont donn\u00e9s pour ton bracelet, je t\u2019explique les vertus de chaque pierre qui le compose, \u00e0 quoi la pierre correspond etc etc (je te laisse quelques surprises pour la d\u00e9couverte), je t\u2019explique \u00e9galement quand, comment et pourquoi purifier et recharger ses pierres<br \/>\nConvaincu(e) ? Let\u2019s Go , Commande ton bracelet d\u00e8s maintenant,<\/p>\n<p>Pour cela j\u2019ai besoin de :<\/p>\n<form action=\"https:\/\/www.zilune.com\/index.php\/wp-json\/ws-form\/v1\/submit\" class=\"wsf-form wsf-form-canvas\" id=\"ws-form-1\" data-id=\"3\" method=\"POST\" data-instance-id=\"1\" data-wsf-style-id=\"1\"><\/form>\n","protected":false},"excerpt":{"rendered":"<p>Plus qu\u2019un bijou, c\u2019est un outil spirituel, une aide au d\u00e9veloppement personnel, con\u00e7u exclusivement pour toi et tes besoins selon tous tes pr\u00e9noms, noms et date de naissance ! Unique et personnel il est fait sur-mesure pour toi gr\u00e2ce \u00e0 des calculs tr\u00e8s pr\u00e9cis, il t\u2019accompagne dans un cheminement qui t\u2019est propre et qui correspond \u00e0 100% \u00e0 toi, ton corps, ton esprit &amp; ton \u00e2me. Il se compose de 8 pierres diff\u00e9rentes pour 8 domaines diff\u00e9rents. Chaque pierre du bracelet est calcul\u00e9e &amp; s\u00e9lectionn\u00e9e sp\u00e9cialement pour toi. M\u00e9lange de Lithoth\u00e9rapie &amp; Num\u00e9rologie tous les calculs sont r\u00e9alis\u00e9s \u00e0 la main par moi-m\u00eame &amp; v\u00e9rifi\u00e9s plusieurs fois avant la confection de ton bracelet. Tu peux choisir la taille du bracelet en fonction des pierres : Petites 4mm Moyennes 6mm Grandes 8mm \u00c9galement, en plus du bracelet, je te fournis un livret explicatif (7 pages) enti\u00e8rement personnalis\u00e9 pour toi en fonction de ce que les calculs ont donn\u00e9s pour ton bracelet, je t\u2019explique les vertus de chaque pierre qui le compose, \u00e0 quoi la pierre correspond etc etc (je te laisse quelques surprises pour la d\u00e9couverte), je t\u2019explique \u00e9galement quand, comment et pourquoi purifier et recharger ses pierres Convaincu(e) ? Let\u2019s Go , Commande ton bracelet d\u00e8s maintenant, Pour cela j\u2019ai besoin de :<\/p>\n","protected":false},"featured_media":152,"comment_status":"open","ping_status":"closed","template":"","meta":{"_seopress_robots_primary_cat":"","_seopress_titles_title":"","_seopress_titles_desc":"","_seopress_robots_index":""},"product_brand":[],"product_cat":[21],"product_tag":[],"class_list":{"0":"post-137","1":"product","2":"type-product","3":"status-publish","4":"has-post-thumbnail","6":"product_cat-bracelets","8":"first","9":"instock","10":"shipping-taxable","11":"purchasable","12":"product-type-variable"},"jetpack_sharing_enabled":true,"_links":{"self":[{"href":"https:\/\/www.zilune.com\/index.php\/wp-json\/wp\/v2\/product\/137","targetHints":{"allow":["GET"]}}],"collection":[{"href":"https:\/\/www.zilune.com\/index.php\/wp-json\/wp\/v2\/product"}],"about":[{"href":"https:\/\/www.zilune.com\/index.php\/wp-json\/wp\/v2\/types\/product"}],"replies":[{"embeddable":true,"href":"https:\/\/www.zilune.com\/index.php\/wp-json\/wp\/v2\/comments?post=137"}],"wp:featuredmedia":[{"embeddable":true,"href":"https:\/\/www.zilune.com\/index.php\/wp-json\/wp\/v2\/media\/152"}],"wp:attachment":[{"href":"https:\/\/www.zilune.com\/index.php\/wp-json\/wp\/v2\/media?parent=137"}],"wp:term":[{"taxonomy":"product_brand","embeddable":true,"href":"https:\/\/www.zilune.com\/index.php\/wp-json\/wp\/v2\/product_brand?post=137"},{"taxonomy":"product_cat","embeddable":true,"href":"https:\/\/www.zilune.com\/index.php\/wp-json\/wp\/v2\/product_cat?post=137"},{"taxonomy":"product_tag","embeddable":true,"href":"https:\/\/www.zilune.com\/index.php\/wp-json\/wp\/v2\/product_tag?post=137"}],"curies":[{"name":"wp","href":"https:\/\/api.w.org\/{rel}","templated":true}]}}