{"id":706,"date":"2025-05-22T09:15:45","date_gmt":"2025-05-22T07:15:45","guid":{"rendered":"https:\/\/www.zilune.com\/?page_id=706"},"modified":"2025-05-22T09:16:56","modified_gmt":"2025-05-22T07:16:56","slug":"a-propos-de-moi","status":"publish","type":"page","link":"https:\/\/www.zilune.com\/index.php\/a-propos-de-moi\/","title":{"rendered":"\u00c0 propos de moi"},"content":{"rendered":"<p style=\"text-align: center;\">Moi c\u2019est Ma\u00eblig, lanc\u00e9e depuis peu dans le monde de l\u2019entreprenariat,<br \/>\nsp\u00e9cialis\u00e9e en cr\u00e9ations de bijoux &amp; accessoires en pierres naturelles, dipl\u00f4m\u00e9e en soin \u00e9nerg\u00e9tique Lahochi, consultation de guidances.<\/p>\n<p style=\"text-align: center;\">*<\/p>\n<p style=\"text-align: center;\">J\u2019ai toujours ador\u00e9 les bijoux, les pierres &amp; cristaux et le monde spirituel.<br \/>\nJe me souviens que toute petite d\u00e9j\u00e0 je r\u00e9alisais des bijoux en perles \u00e0 ma maman, mes tantes, mes cousines, mes amies &amp; surtout \u00e0 ma tendre Abuela (grand-m\u00e8re) qui nous a quitt\u00e9s maintenant (mais qui ne reste jamais loin de sa famille !) et adorait elle aussi, les bijoux et \u00e9tait toujours tr\u00e8s heureuse quand je lui en fabriquais.<br \/>\nJ\u2019ai aussi depuis toujours, eu un attrait particulier pour la spiritualit\u00e9, fascin\u00e9e par l\u2019univers &amp; ses myst\u00e8res, je communiquais d\u00e9j\u00e0 sans le savoir avec le monde invisible.<\/p>\n<p style=\"text-align: center;\">*<\/p>\n<p style=\"text-align: center;\">Je me suis cherch\u00e9e pendant des ann\u00e9es c\u00f4t\u00e9 professionnel, il y a encore pas si longtemps,<br \/>\nj\u2019\u00e9tais commerciale pour une bo\u00eete nationale, o\u00f9 les objectifs de plus en plus inatteignables rythmaient les journ\u00e9es des employ\u00e9s.<br \/>\nJe suis tomb\u00e9e gravement malade et c\u2019est \u00e0 ce moment que j\u2019ai d\u00e9cid\u00e9 de changer ma fa\u00e7on de penser, de voir les choses &amp; de VIVRE et aujourd\u2019hui te voil\u00e0 ici, sur mon site,<br \/>\nsur lequel j\u2019ai pass\u00e9 du temps, pour le r\u00e9aliser \u00e0 mon image &amp; avec tout mon c\u0153ur en m\u00ealant toutes mes passions (bijoux, pierres, spiritualit\u00e9, soins &amp; commerce).<\/p>\n<p style=\"text-align: center;\">*<\/p>\n<p style=\"text-align: center;\">Toutes les pierres naturelles de mes cr\u00e9ations sont s\u00e9lectionn\u00e9es avec soin &amp; je mets un point d\u2019honneur \u00e0 ce qu\u2019elles soient de grandes qualit\u00e9s (Extra, AAA, AA\u2026)<br \/>\npour maximiser les bienfaits &amp; vertus de celles-ci.<br \/>\nJ\u2019utilise \u00e9galement de l\u2019acier inoxydable 304 &amp; 316L afin que tu puisses garder tes bijoux le plus longtemps possible.<\/p>\n<p style=\"text-align: center;\">*<\/p>\n<p style=\"text-align: center;\">Bienvenue \u00e0 toi sur Zilune.com,<br \/>\nun site haut en couleurs, dynamique, cr\u00e9atif &amp; \u00e9nergisant !<\/p>\n<p style=\"text-align: center;\">*<\/p>\n<p style=\"text-align: center;\">Tu verras ici toutes mes cr\u00e9ations &amp; comme j\u2019ai \u00e0 c\u0153ur de r\u00e9aliser des bijoux &amp; accessoires qui te parlent,<br \/>\ntu pourras toujours m\u2019envoyer un petit mail ou un message sur mes r\u00e9seaux si tu as besoin d\u2019une personnalisation ou de quelque chose en particulier.<\/p>\n<p style=\"text-align: center;\">*<\/p>\n<p style=\"text-align: center;\">Pour les soins &amp; les guidances, je t\u2019invite \u00e0 me contacter pour convenir d\u2019un rendez-vous &amp; horaires en attendant que je mette en place une rubrique d\u00e9di\u00e9e.<\/p>\n<p style=\"text-align: center;\">*<\/p>\n<p style=\"text-align: center;\">Il ne me reste plus qu\u2019\u00e0 te souhaiter une bonne visite &amp; \u00e0 tr\u00e8s bient\u00f4t pour ta future commande !\ufe0f<\/p>\n","protected":false},"excerpt":{"rendered":"<p>Moi c\u2019est Ma\u00eblig, lanc\u00e9e depuis peu dans le monde de l\u2019entreprenariat, sp\u00e9cialis\u00e9e en cr\u00e9ations de bijoux &amp; accessoires en pierres naturelles, dipl\u00f4m\u00e9e en soin \u00e9nerg\u00e9tique Lahochi, consultation de guidances. * J\u2019ai toujours ador\u00e9 les bijoux, les pierres &amp; cristaux et le monde spirituel. Je me souviens que toute petite d\u00e9j\u00e0 je r\u00e9alisais des bijoux en perles \u00e0 ma maman, mes tantes, mes cousines, mes amies &amp; surtout \u00e0 ma tendre Abuela (grand-m\u00e8re) qui nous a quitt\u00e9s maintenant (mais qui ne reste jamais loin de sa famille !) et adorait elle aussi, les bijoux et \u00e9tait toujours tr\u00e8s heureuse quand je lui en fabriquais. J\u2019ai aussi depuis toujours, eu un attrait particulier pour la spiritualit\u00e9, fascin\u00e9e par l\u2019univers &amp; ses myst\u00e8res, je communiquais d\u00e9j\u00e0 sans le savoir avec le monde invisible. * Je me suis cherch\u00e9e pendant des ann\u00e9es c\u00f4t\u00e9 professionnel, il y a encore pas si longtemps, j\u2019\u00e9tais commerciale pour une bo\u00eete nationale, o\u00f9 les objectifs de plus en plus inatteignables rythmaient les journ\u00e9es des employ\u00e9s. Je suis tomb\u00e9e gravement malade et c\u2019est \u00e0 ce moment que j\u2019ai d\u00e9cid\u00e9 de changer ma fa\u00e7on de penser, de voir les choses &amp; de VIVRE et aujourd\u2019hui te voil\u00e0 ici, sur mon site, sur lequel j\u2019ai pass\u00e9 du temps, pour le r\u00e9aliser \u00e0 mon image &amp; avec tout mon c\u0153ur en m\u00ealant toutes mes passions (bijoux, pierres, spiritualit\u00e9, soins &amp; commerce). * Toutes les pierres naturelles de mes cr\u00e9ations sont s\u00e9lectionn\u00e9es avec soin &amp; je mets un point d\u2019honneur \u00e0 ce qu\u2019elles soient de grandes qualit\u00e9s (Extra, AAA, AA\u2026) pour maximiser les bienfaits &amp; vertus de celles-ci. J\u2019utilise \u00e9galement de l\u2019acier inoxydable 304 &amp; 316L afin que tu puisses garder tes bijoux le plus longtemps possible. * Bienvenue \u00e0 toi sur Zilune.com, un site haut en couleurs, dynamique, cr\u00e9atif &amp; \u00e9nergisant ! * Tu verras ici toutes mes cr\u00e9ations &amp; comme j\u2019ai \u00e0 c\u0153ur de r\u00e9aliser des bijoux &amp; accessoires qui te parlent, tu pourras toujours m\u2019envoyer un petit mail ou un message sur mes r\u00e9seaux si tu as besoin d\u2019une personnalisation ou de quelque chose en particulier. * Pour les soins &amp; les guidances, je t\u2019invite \u00e0 me contacter pour convenir d\u2019un rendez-vous &amp; horaires en attendant que je mette en place une rubrique d\u00e9di\u00e9e. * Il ne me reste plus qu\u2019\u00e0 te souhaiter une bonne visite &amp; \u00e0 tr\u00e8s bient\u00f4t pour ta future commande !\ufe0f<\/p>\n","protected":false},"author":1,"featured_media":0,"parent":0,"menu_order":0,"comment_status":"closed","ping_status":"closed","template":"","meta":{"_seopress_robots_primary_cat":"","_seopress_titles_title":"","_seopress_titles_desc":"","_seopress_robots_index":"","footnotes":""},"class_list":["post-706","page","type-page","status-publish","hentry"],"jetpack_sharing_enabled":true,"_links":{"self":[{"href":"https:\/\/www.zilune.com\/index.php\/wp-json\/wp\/v2\/pages\/706","targetHints":{"allow":["GET"]}}],"collection":[{"href":"https:\/\/www.zilune.com\/index.php\/wp-json\/wp\/v2\/pages"}],"about":[{"href":"https:\/\/www.zilune.com\/index.php\/wp-json\/wp\/v2\/types\/page"}],"author":[{"embeddable":true,"href":"https:\/\/www.zilune.com\/index.php\/wp-json\/wp\/v2\/users\/1"}],"replies":[{"embeddable":true,"href":"https:\/\/www.zilune.com\/index.php\/wp-json\/wp\/v2\/comments?post=706"}],"version-history":[{"count":2,"href":"https:\/\/www.zilune.com\/index.php\/wp-json\/wp\/v2\/pages\/706\/revisions"}],"predecessor-version":[{"id":710,"href":"https:\/\/www.zilune.com\/index.php\/wp-json\/wp\/v2\/pages\/706\/revisions\/710"}],"wp:attachment":[{"href":"https:\/\/www.zilune.com\/index.php\/wp-json\/wp\/v2\/media?parent=706"}],"curies":[{"name":"wp","href":"https:\/\/api.w.org\/{rel}","templated":true}]}}