{"id":2,"date":"2024-01-04T23:40:40","date_gmt":"2024-01-04T22:40:40","guid":{"rendered":"http:\/\/www.zilune.com\/?page_id=2"},"modified":"2025-02-02T19:17:51","modified_gmt":"2025-02-02T18:17:51","slug":"page-d-exemple","status":"publish","type":"page","link":"https:\/\/www.zilune.com\/","title":{"rendered":""},"content":{"rendered":"<div style=\"padding: 1.2em; background-color: #efdacd; line-height: 1.4;\">\r\n<h1 style=\"text-align: center;\"><img loading=\"lazy\" decoding=\"async\" class=\"size-full wp-image-606 aligncenter\" src=\"http:\/\/www.zilune.com\/wp-content\/uploads\/2024\/07\/Bienvenue.png\" alt=\"\" width=\"532\" height=\"67\" srcset=\"https:\/\/www.zilune.com\/wp-content\/uploads\/2024\/07\/Bienvenue.png 532w, https:\/\/www.zilune.com\/wp-content\/uploads\/2024\/07\/Bienvenue-300x38.png 300w\" sizes=\"auto, (max-width: 532px) 100vw, 532px\" \/><em><span style=\"font-size: 16px;\">\ufe0f<\/span><\/em><\/h1>\r\n<div dir=\"auto\" style=\"text-align: center;\">Moi c&rsquo;est Ma\u00eblig, lanc\u00e9e depuis peu dans le monde de l&rsquo;entreprenariat,<\/div>\r\n<div dir=\"auto\" style=\"text-align: center;\">sp\u00e9cialis\u00e9e en cr\u00e9ations de bijoux &amp; accessoires en pierres naturelles, dipl\u00f4m\u00e9e en soin \u00e9nerg\u00e9tique Lahochi, consultation de guidances.\u00a0<\/div>\r\n<div dir=\"auto\">\u00a0<\/div>\r\n<div dir=\"auto\" style=\"text-align: center;\">*<\/div>\r\n<div dir=\"auto\">\u00a0<\/div>\r\n<div dir=\"auto\" style=\"text-align: center;\">J&rsquo;ai toujours ador\u00e9 les bijoux, les pierres &amp; cristaux et le monde spirituel.<\/div>\r\n<div dir=\"auto\" style=\"text-align: center;\">Je me souviens que toute petite d\u00e9j\u00e0 je r\u00e9alisais des bijoux en perles \u00e0 ma maman, mes tantes, mes cousines, mes amies &amp; surtout \u00e0 ma tendre Abuela (grand-m\u00e8re) qui nous a quitt\u00e9s maintenant (mais qui ne reste jamais loin de sa famille !) et adorait elle aussi, les bijoux et \u00e9tait toujours tr\u00e8s heureuse quand je lui en fabriquais.<\/div>\r\n<div dir=\"auto\" style=\"text-align: center;\">J&rsquo;ai aussi depuis toujours, eu un attrait particulier pour la spiritualit\u00e9, fascin\u00e9e par l&rsquo;univers &amp; ses myst\u00e8res, je communiquais d\u00e9j\u00e0 sans le savoir avec le monde invisible.<\/div>\r\n<div dir=\"auto\">\u00a0<\/div>\r\n<div dir=\"auto\" style=\"text-align: center;\">*<\/div>\r\n<div dir=\"auto\">\u00a0<\/div>\r\n<div dir=\"auto\" style=\"text-align: center;\">Je me suis cherch\u00e9e pendant des ann\u00e9es c\u00f4t\u00e9 professionnel, il y a encore pas si longtemps,<\/div>\r\n<div dir=\"auto\" style=\"text-align: center;\">j&rsquo;\u00e9tais commerciale pour une bo\u00eete nationale, o\u00f9 les objectifs de plus en plus inatteignables rythmaient les journ\u00e9es des employ\u00e9s.<\/div>\r\n<div dir=\"auto\" style=\"text-align: center;\">Je suis tomb\u00e9e gravement malade et c&rsquo;est \u00e0 ce moment que j&rsquo;ai d\u00e9cid\u00e9 de changer ma fa\u00e7on de penser, de voir les choses &amp; de VIVRE et aujourd&rsquo;hui te voil\u00e0 ici, sur mon site,<\/div>\r\n<div dir=\"auto\" style=\"text-align: center;\">sur lequel j&rsquo;ai pass\u00e9 du temps, pour le r\u00e9aliser \u00e0 mon image &amp; avec tout mon c\u0153ur en m\u00ealant toutes mes passions (bijoux, pierres, spiritualit\u00e9, soins &amp; commerce).<\/div>\r\n<div dir=\"auto\">\u00a0<\/div>\r\n<div dir=\"auto\" style=\"text-align: center;\">*<\/div>\r\n<div dir=\"auto\">\u00a0<\/div>\r\n<div dir=\"auto\" style=\"text-align: center;\">Toutes les pierres naturelles de mes cr\u00e9ations sont s\u00e9lectionn\u00e9es avec soin &amp; je mets un point d&rsquo;honneur \u00e0 ce qu&rsquo;elles soient de grandes qualit\u00e9s (Extra, AAA, AA&#8230;)<\/div>\r\n<div dir=\"auto\" style=\"text-align: center;\">pour maximiser les bienfaits &amp; vertus de celles-ci.<\/div>\r\n<div dir=\"auto\" style=\"text-align: center;\">J&rsquo;utilise \u00e9galement de l&rsquo;acier inoxydable 304 &amp; 316L afin que tu puisses garder tes bijoux le plus longtemps possible.<\/div>\r\n<div dir=\"auto\">\u00a0<\/div>\r\n<div dir=\"auto\" style=\"text-align: center;\">*<\/div>\r\n<div dir=\"auto\">\u00a0<\/div>\r\n<div dir=\"auto\" style=\"text-align: center;\">Bienvenue \u00e0 toi sur Zilune.com,<\/div>\r\n<div dir=\"auto\" style=\"text-align: center;\">un site haut en couleurs, dynamique, cr\u00e9atif &amp; \u00e9nergisant !\u00a0<\/div>\r\n<div dir=\"auto\">\u00a0<\/div>\r\n<div dir=\"auto\" style=\"text-align: center;\">*<\/div>\r\n<div dir=\"auto\">\u00a0<\/div>\r\n<div dir=\"auto\" style=\"text-align: center;\">Tu verras ici toutes mes cr\u00e9ations &amp; comme j&rsquo;ai \u00e0 c\u0153ur de r\u00e9aliser des bijoux &amp; accessoires qui te parlent,<\/div>\r\n<div dir=\"auto\" style=\"text-align: center;\">tu pourras toujours m&rsquo;envoyer un petit mail ou un message sur mes r\u00e9seaux si tu as besoin d&rsquo;une personnalisation ou de quelque chose en particulier.<\/div>\r\n<div dir=\"auto\">\u00a0<\/div>\r\n<div dir=\"auto\" style=\"text-align: center;\">*<\/div>\r\n<div dir=\"auto\">\u00a0<\/div>\r\n<div dir=\"auto\" style=\"text-align: center;\">Pour les soins &amp; les guidances, je t&rsquo;invite \u00e0 <a style=\"color: #000000;\" href=\"https:\/\/www.zilune.com\/index.php\/contact\/\" target=\"_blank\" rel=\"noopener\">me contacter<\/a> pour convenir d&rsquo;un rendez-vous &amp; horaires en attendant que je mette en place une rubrique d\u00e9di\u00e9e.<\/div>\r\n<div dir=\"auto\">\u00a0<\/div>\r\n<div dir=\"auto\" style=\"text-align: center;\">*<\/div>\r\n<div dir=\"auto\">\u00a0<\/div>\r\n<div dir=\"auto\" style=\"text-align: center;\">Il ne me reste plus qu&rsquo;\u00e0 te souhaiter une bonne visite &amp; \u00e0 tr\u00e8s bient\u00f4t pour ta future commande !\ufe0f<\/div>\r\n<div dir=\"auto\">\u00a0<\/div>\r\n<span style=\"color: #934713;\"><span style=\"color: #934713;\"><span style=\"color: #934713;\"><\/span><\/span><\/span><\/div>","protected":false},"excerpt":{"rendered":"<p>\ufe0f Moi c&rsquo;est Ma\u00eblig, lanc\u00e9e depuis peu dans le monde de l&rsquo;entreprenariat, sp\u00e9cialis\u00e9e en cr\u00e9ations de bijoux &amp; accessoires en pierres naturelles, dipl\u00f4m\u00e9e en soin \u00e9nerg\u00e9tique Lahochi, consultation de guidances.\u00a0 \u00a0 * \u00a0 J&rsquo;ai toujours ador\u00e9 les bijoux, les pierres &amp; cristaux et le monde spirituel. Je me souviens que toute petite d\u00e9j\u00e0 je r\u00e9alisais des bijoux en perles \u00e0 ma maman, mes tantes, mes cousines, mes amies &amp; surtout \u00e0 ma tendre Abuela (grand-m\u00e8re) qui nous a quitt\u00e9s maintenant (mais qui ne reste jamais loin de sa famille !) et adorait elle aussi, les bijoux et \u00e9tait toujours tr\u00e8s heureuse quand je lui en fabriquais. J&rsquo;ai aussi depuis toujours, eu un attrait particulier pour la spiritualit\u00e9, fascin\u00e9e par l&rsquo;univers &amp; ses myst\u00e8res, je communiquais d\u00e9j\u00e0 sans le savoir avec le monde invisible. \u00a0 * \u00a0 Je me suis cherch\u00e9e pendant des ann\u00e9es c\u00f4t\u00e9 professionnel, il y a encore pas si longtemps, j&rsquo;\u00e9tais commerciale pour une bo\u00eete nationale, o\u00f9 les objectifs de plus en plus inatteignables rythmaient les journ\u00e9es des employ\u00e9s. Je suis tomb\u00e9e gravement malade et c&rsquo;est \u00e0 ce moment que j&rsquo;ai d\u00e9cid\u00e9 de changer ma fa\u00e7on de penser, de voir les choses &amp; de VIVRE et aujourd&rsquo;hui te voil\u00e0 ici, sur mon site, sur lequel j&rsquo;ai pass\u00e9 du temps, pour le r\u00e9aliser \u00e0 mon image &amp; avec tout mon c\u0153ur en m\u00ealant toutes mes passions (bijoux, pierres, spiritualit\u00e9, soins &amp; commerce). \u00a0 * \u00a0 Toutes les pierres naturelles de mes cr\u00e9ations sont s\u00e9lectionn\u00e9es avec soin &amp; je mets un point d&rsquo;honneur \u00e0 ce qu&rsquo;elles soient de grandes qualit\u00e9s (Extra, AAA, AA&#8230;) pour maximiser les bienfaits &amp; vertus de celles-ci. J&rsquo;utilise \u00e9galement de l&rsquo;acier inoxydable 304 &amp; 316L afin que tu puisses garder tes bijoux le plus longtemps possible. \u00a0 * \u00a0 Bienvenue \u00e0 toi sur Zilune.com, un site haut en couleurs, dynamique, cr\u00e9atif &amp; \u00e9nergisant !\u00a0 \u00a0 * \u00a0 Tu verras ici toutes mes cr\u00e9ations &amp; comme j&rsquo;ai \u00e0 c\u0153ur de r\u00e9aliser des bijoux &amp; accessoires qui te parlent, tu pourras toujours m&rsquo;envoyer un petit mail ou un message sur mes r\u00e9seaux si tu as besoin d&rsquo;une personnalisation ou de quelque chose en particulier. \u00a0 * \u00a0 Pour les soins &amp; les guidances, je t&rsquo;invite \u00e0 me contacter pour convenir d&rsquo;un rendez-vous &amp; horaires en attendant que je mette en place une rubrique d\u00e9di\u00e9e. \u00a0 * \u00a0 Il ne me reste plus qu&rsquo;\u00e0 te souhaiter une bonne visite &amp; \u00e0 tr\u00e8s bient\u00f4t pour ta future commande !\ufe0f \u00a0<\/p>\n","protected":false},"author":1,"featured_media":0,"parent":0,"menu_order":0,"comment_status":"closed","ping_status":"closed","template":"","meta":{"_seopress_robots_primary_cat":"","_seopress_titles_title":"","_seopress_titles_desc":"Cr\u00e9atrice proven\u00e7ale de bijoux en pierres 100% naturelles, je r\u00e9alise aussi des bijoux & accessoires personnalis\u00e9s pour faire plaisir et se faire plaisir de fa\u00e7on originale & authentique. Guidances, Soins \u00e9nerg\u00e9tiques & Lahochi. Contacte-moi pour un RDV dans le Var ou \u00e0 distance.","_seopress_robots_index":"","footnotes":""},"class_list":["post-2","page","type-page","status-publish","hentry"],"jetpack_sharing_enabled":true,"_links":{"self":[{"href":"https:\/\/www.zilune.com\/index.php\/wp-json\/wp\/v2\/pages\/2","targetHints":{"allow":["GET"]}}],"collection":[{"href":"https:\/\/www.zilune.com\/index.php\/wp-json\/wp\/v2\/pages"}],"about":[{"href":"https:\/\/www.zilune.com\/index.php\/wp-json\/wp\/v2\/types\/page"}],"author":[{"embeddable":true,"href":"https:\/\/www.zilune.com\/index.php\/wp-json\/wp\/v2\/users\/1"}],"replies":[{"embeddable":true,"href":"https:\/\/www.zilune.com\/index.php\/wp-json\/wp\/v2\/comments?post=2"}],"version-history":[{"count":79,"href":"https:\/\/www.zilune.com\/index.php\/wp-json\/wp\/v2\/pages\/2\/revisions"}],"predecessor-version":[{"id":670,"href":"https:\/\/www.zilune.com\/index.php\/wp-json\/wp\/v2\/pages\/2\/revisions\/670"}],"wp:attachment":[{"href":"https:\/\/www.zilune.com\/index.php\/wp-json\/wp\/v2\/media?parent=2"}],"curies":[{"name":"wp","href":"https:\/\/api.w.org\/{rel}","templated":true}]}}